{"id":10,"date":"2012-02-20T14:13:19","date_gmt":"2012-02-20T13:13:19","guid":{"rendered":"http:\/\/codex.geologie-lyon.fr\/?page_id=10"},"modified":"2018-06-20T11:07:34","modified_gmt":"2018-06-20T10:07:34","slug":"chimie","status":"publish","type":"page","link":"https:\/\/codex.geologie-lyon.fr\/?page_id=10","title":{"rendered":"Chimie"},"content":{"rendered":"<p>Le risque principal et commun \u00e0 ces diff\u00e9rentes salles est le risque chimique. Quelle que soit la salle dans laquelle vous travaillez, appliquez ces r\u00e8gles g\u00e9n\u00e9rales :<\/p>\n<h6>\u00a0Avant toute manipulation :<\/h6>\n<h6>&#8211; renseignez vous sur les produits que vous manipulez (fiche de s\u00e9curit\u00e9), vous aurez ainsi connaissance de la dangerosit\u00e9 des produits et des conduites \u00e0 tenir en cas d&rsquo;exposition.<\/h6>\n<h6>&#8211; ayez connaissance de l&#8217;emplacement des douches de s\u00e9curit\u00e9, des laves oeil&#8230;<\/h6>\n<h6>&#8211; portez les \u00e9quipements de protection individuelle adapt\u00e9s \u00e0 vos manipulations (blouse, gants, lunettes, heaume, masque&#8230;).<\/h6>\n<h6>&#8211; renseignez vous \u00e9galement sur la nature des manipulations des personnes qui travaillent autour de vous.<\/h6>\n<p>&nbsp;<\/p>\n<h6>En cas d&rsquo;exposition \u00e0 un produit chimique :<\/h6>\n<h6>&#8211; pour une exposition cutan\u00e9e ou oculaire, rincez \u00e0 l&rsquo;eau abondamment pendant au moins 10 minutes montre en main, c&rsquo;est long mais n\u00e9cessaire.<\/h6>\n<h6>&#8211; en cas d\u2019inhalation, sortez imm\u00e9diatement de la zone d&rsquo;exposition.<\/h6>\n<p>&nbsp;<\/p>\n<h6>Dans tous les cas et en fonction de la dangerosit\u00e9 du produit, de la nature de l&rsquo;exposition, et de la gravit\u00e9 de la situation, pr\u00e9venez les pompiers, le SAMU ou<\/h6>\n<h6>le <strong>Centre antipoison et de toxicovigilance de lyon : 04 72 11 69 11.<\/strong><\/h6>\n<p>&nbsp;<\/p>\n<h6><span style=\"color: #333333;\">Sur le site de l&rsquo;ENS :<\/span><\/h6>\n<p><a title=\"Salle blanche\" href=\"http:\/\/codex.geologie-lyon.fr\/?page_id=75\">Salle blanche<\/a> : sous atmosph\u00e8re filtr\u00e9e, cette salle est d\u00e9di\u00e9e \u00e0 la dissolution d&rsquo;\u00e9chantillons et \u00e0 s\u00e9paration d&rsquo;\u00e9l\u00e9ments par chromatographie d&rsquo;\u00e9change d&rsquo;ions.<\/p>\n<p><a title=\"Pr\u00e9paration \u00e9chantillons\" href=\"http:\/\/codex.geologie-lyon.fr\/?page_id=79\">Salle de pr\u00e9paration des \u00e9chantillons<\/a> : cette salle est commune \u00e0 l&rsquo;ensemble des personnels pour la pr\u00e9paration d&rsquo;\u00e9chantillons.<\/p>\n<p><a title=\"Annexe g\u00e9ochimie\" href=\"http:\/\/codex.geologie-lyon.fr\/?page_id=73\">Annexe g\u00e9ochimie<\/a> : cette pi\u00e8ce est destin\u00e9e au stockage de produits chimiques et de mat\u00e9riel consommable pour le laboratoire.<\/p>\n<p><a title=\"Pr\u00e9paration \u00e9chantillons\" href=\"http:\/\/codex.geologie-lyon.fr\/?page_id=409\">Laboratoire de chimie organique<\/a> : laboratoire pour l&rsquo;utilisation de solvants organiques.<\/p>\n<ul class=\"ul-addw2p ul-addw2p-Chimie\">\n<li id=\"text-4\" class=\"addw2p widget_text\">\t\t\t<div class=\"textwidget\">   <\/div>\n\t\t<\/li><\/ul>\n\n<DIV class=\"entry-meta\">Voir tous les articles class\u00e9s dans <A HREF=\"https:\/\/codex.geologie-lyon.fr\/?cat=3\">Chimie<\/A><\/DIV>\n<p>&nbsp;<\/p>\n<p>.<\/p>\n<p>&nbsp;<\/p>\n","protected":false},"excerpt":{"rendered":"<p>Le risque principal et commun \u00e0 ces diff\u00e9rentes salles est le risque chimique. Quelle que soit la salle dans laquelle vous travaillez, appliquez ces r\u00e8gles g\u00e9n\u00e9rales : \u00a0Avant toute manipulation : &#8211; renseignez vous sur les produits que vous manipulez &hellip; <a href=\"https:\/\/codex.geologie-lyon.fr\/?page_id=10\">Continuer la lecture <span class=\"meta-nav\">&rarr;<\/span><\/a><\/p>\n","protected":false},"author":5,"featured_media":0,"parent":0,"menu_order":0,"comment_status":"closed","ping_status":"open","template":"","meta":[],"categories":[3],"_links":{"self":[{"href":"https:\/\/codex.geologie-lyon.fr\/index.php?rest_route=\/wp\/v2\/pages\/10"}],"collection":[{"href":"https:\/\/codex.geologie-lyon.fr\/index.php?rest_route=\/wp\/v2\/pages"}],"about":[{"href":"https:\/\/codex.geologie-lyon.fr\/index.php?rest_route=\/wp\/v2\/types\/page"}],"author":[{"embeddable":true,"href":"https:\/\/codex.geologie-lyon.fr\/index.php?rest_route=\/wp\/v2\/users\/5"}],"replies":[{"embeddable":true,"href":"https:\/\/codex.geologie-lyon.fr\/index.php?rest_route=%2Fwp%2Fv2%2Fcomments&post=10"}],"version-history":[{"count":25,"href":"https:\/\/codex.geologie-lyon.fr\/index.php?rest_route=\/wp\/v2\/pages\/10\/revisions"}],"predecessor-version":[{"id":415,"href":"https:\/\/codex.geologie-lyon.fr\/index.php?rest_route=\/wp\/v2\/pages\/10\/revisions\/415"}],"wp:attachment":[{"href":"https:\/\/codex.geologie-lyon.fr\/index.php?rest_route=%2Fwp%2Fv2%2Fmedia&parent=10"}],"wp:term":[{"taxonomy":"category","embeddable":true,"href":"https:\/\/codex.geologie-lyon.fr\/index.php?rest_route=%2Fwp%2Fv2%2Fcategories&post=10"}],"curies":[{"name":"wp","href":"https:\/\/api.w.org\/{rel}","templated":true}]}}