{"id":18,"date":"2012-02-20T14:47:49","date_gmt":"2012-02-20T13:47:49","guid":{"rendered":"http:\/\/codex.geologie-lyon.fr\/?page_id=18"},"modified":"2022-05-13T13:56:47","modified_gmt":"2022-05-13T12:56:47","slug":"raman","status":"publish","type":"page","link":"https:\/\/codex.geologie-lyon.fr\/?page_id=18","title":{"rendered":"M4 &#8211; Plateforme spectroscopie Raman"},"content":{"rendered":"<h1>Salle M4 &#8211; ENS de Lyon, campus Monod, b\u00e2timent M8<\/h1>\n<h1>Responsables : G. Montagnac, H. Cardon<\/h1>\n<p><strong>Poste 84 07<\/strong><br \/>\n<!--more--><\/p>\n<h1>Consignes sp\u00e9cifiques au mat\u00e9riel<\/h1>\n<ul>\n<li>Ne pas entrer dans la salle sans lunettes de protection si un t\u00e9moin de fonctionnement de laser est allum\u00e9 (voyants au dessus de la porte);<\/li>\n<li>Ne pas utiliser un \u00e9quipement (spectrom\u00e8tre, platine chauffante, platine cryog\u00e9nique, cellule \u00e0 enclumes de diamant\u2026) sans conna\u00eetre son fonctionnement et les r\u00e8gles de s\u00e9curit\u00e9 aff\u00e9rentes. Ne pas h\u00e9siter \u00e0\u00a0 demander et consulter les manuels d&rsquo;instruction en cas de doute;<\/li>\n<li>Les responsables assurent la pr\u00e9paration des appareils (r\u00e9glage des appareils, installation de l&rsquo;environnement \u00e9chantillon\u2026) et la formation initiale des utilisateurs si n\u00e9cessaire;<\/li>\n<li>Eviter de faire fonctionner longtemps des appareils sans surveillance, ou si oui, prendre les mesures appropri\u00e9es : (pr\u00e9venir les responsable de l&rsquo;appareil et\/ou la s\u00e9curit\u00e9 de l&rsquo;\u00e9tablissement, laisser vos coordonn\u00e9es, baliser la zone, afficher les risques, dispositifs automatiques d&rsquo;urgence&#8230; )<\/li>\n<li>En dehors des heures normales de travail, les \u00e9quipements raman sont mis \u00e0 disposition des utilisateurs sous condition d\u2019une utilisation autonome de ceux-ci (habilitation par le responsable de l\u2019appareil apr\u00e8s formation) et de d\u00e9clarer sa pr\u00e9sence (et de signaler son d\u00e9part) au service de s\u00e9curit\u00e9 de l&rsquo;\u00e9tablissement (poste 81 51);<\/li>\n<li>Ne pas entreprendre de manipulations dangereuses en dehors des heures normales de travail (notamment la nuit et les jours f\u00e9ri\u00e9s);<\/li>\n<li>Avertir vos coll\u00e8gues de travail lors de la mise en route d\u2019une manipulation dangereuse.<\/li>\n<\/ul>\n<h1>Consignes g\u00e9n\u00e9rales<\/h1>\n<p>Afin que chacun puisse travailler dans les meilleures conditions, un certain nombre de consignes de propret\u00e9 et de s\u00e9curit\u00e9 devront \u00eatre strictement respect\u00e9es :<\/p>\n<ul>\n<li>Ne pas manger, ne pas boire et ne pas fumer;<\/li>\n<li>Laisser le poste de travail propre;<\/li>\n<li>Utilisez les r\u00e9cipients sp\u00e9ciaux mis \u00e0 votre disposition pour l\u2019\u00e9limination des d\u00e9chets, solvants et autres produits chimiques ou pr\u00e9venir le responsable;<\/li>\n<li>Aucun \u00e9chantillon ne doit \u00eatre entrepos\u00e9 inutilement dans la salle. Dans le cas contraire, tous les \u00e9chantillons doivent \u00eatre identifi\u00e9s (nom, date, contenu, dangerosit\u00e9 \u00e9ventuelle du produit) et ne resteront que temporairement;<\/li>\n<li>Aucun mat\u00e9riel \u00e9tranger \u00e0 la salle ne doit rester sur les plans de travail;<\/li>\n<li>Lors de manipulation de produits chimiques, de fluides cryog\u00e9niques ou de mat\u00e9riel chaud, porter des lunettes de s\u00e9curit\u00e9 et des gants appropri\u00e9s;<\/li>\n<li>Veiller au verrouillage de la salle en dehors des heures normales de travail.<\/li>\n<\/ul>\n<p><strong>Si vous travaillez en dehors des horaires d&rsquo;ouverture (07h30 \u00e0 19h30), que vous soyez accompagn\u00e9 ou non, signalez obligatoirement votre pr\u00e9sence \u00e0 l\u2019accueil de l\u2019\u00e9cole (faites le 9 ou le 81 51 depuis un poste \u00e0 l\u2019\u00e9cole).<\/strong><\/p>\n\n","protected":false},"excerpt":{"rendered":"<p>Salle M4 &#8211; ENS de Lyon, campus Monod, b\u00e2timent M8 Responsables : G. Montagnac, H. Cardon Poste 84 07<\/p>\n","protected":false},"author":3,"featured_media":0,"parent":53,"menu_order":0,"comment_status":"closed","ping_status":"closed","template":"","meta":[],"categories":[8,1],"_links":{"self":[{"href":"https:\/\/codex.geologie-lyon.fr\/index.php?rest_route=\/wp\/v2\/pages\/18"}],"collection":[{"href":"https:\/\/codex.geologie-lyon.fr\/index.php?rest_route=\/wp\/v2\/pages"}],"about":[{"href":"https:\/\/codex.geologie-lyon.fr\/index.php?rest_route=\/wp\/v2\/types\/page"}],"author":[{"embeddable":true,"href":"https:\/\/codex.geologie-lyon.fr\/index.php?rest_route=\/wp\/v2\/users\/3"}],"replies":[{"embeddable":true,"href":"https:\/\/codex.geologie-lyon.fr\/index.php?rest_route=%2Fwp%2Fv2%2Fcomments&post=18"}],"version-history":[{"count":20,"href":"https:\/\/codex.geologie-lyon.fr\/index.php?rest_route=\/wp\/v2\/pages\/18\/revisions"}],"predecessor-version":[{"id":511,"href":"https:\/\/codex.geologie-lyon.fr\/index.php?rest_route=\/wp\/v2\/pages\/18\/revisions\/511"}],"up":[{"embeddable":true,"href":"https:\/\/codex.geologie-lyon.fr\/index.php?rest_route=\/wp\/v2\/pages\/53"}],"wp:attachment":[{"href":"https:\/\/codex.geologie-lyon.fr\/index.php?rest_route=%2Fwp%2Fv2%2Fmedia&parent=18"}],"wp:term":[{"taxonomy":"category","embeddable":true,"href":"https:\/\/codex.geologie-lyon.fr\/index.php?rest_route=%2Fwp%2Fv2%2Fcategories&post=18"}],"curies":[{"name":"wp","href":"https:\/\/api.w.org\/{rel}","templated":true}]}}