{"id":450,"date":"2019-06-12T14:48:20","date_gmt":"2019-06-12T13:48:20","guid":{"rendered":"http:\/\/codex.geologie-lyon.fr\/?page_id=450"},"modified":"2019-06-12T15:22:46","modified_gmt":"2019-06-12T14:22:46","slug":"laboratoire-hp","status":"publish","type":"page","link":"https:\/\/codex.geologie-lyon.fr\/?page_id=450","title":{"rendered":"Laboratoire HP (Doua)"},"content":{"rendered":"\n<h1>Salle 306 &#8211; UCBL, campus Doua<\/h1>\n\n\n\n<h1>Responsables : J.-P. Perrillat, H. Cardon, I. Daniel<\/h1>\n\n\n\n<h1>Consignes g\u00e9n\u00e9rales<\/h1>\n\n\n\n<p>Afin que chacun puisse travailler dans les meilleures conditions, un certain nombre de consignes de propret\u00e9 et de s\u00e9curit\u00e9 devront \u00eatre strictement respect\u00e9es :<\/p>\n\n\n\n<ul><li>Ne pas manger, ne pas boire et ne pas fumer;<\/li><li>Manipuler sur un plan de travail propre et d\u00e9gag\u00e9;<\/li><li>Nettoyer correctement le mat\u00e9riel apr\u00e8s manipulation et le ranger;<\/li><li>Respecter le rangement des produits et du mat\u00e9riel;<\/li><li>Si du mat\u00e9riel ou des produits sont manquants, demander aux personnes responsables;<\/li><li>Laisser le poste de travail propre;<\/li><li>Ne pas accumuler de verrerie sale dans l&rsquo;\u00e9vier;<\/li><li>Utilisez les r\u00e9cipients sp\u00e9ciaux mis \u00e0 votre disposition pour l\u2019\u00e9limination des d\u00e9chets, solvants et autres produits chimiques ou pr\u00e9venir le responsable;<\/li><li>Aucun \u00e9chantillon ne doit \u00eatre entrepos\u00e9 inutilement dans la salle. Dans le cas contraire, tous les \u00e9chantillons doivent \u00eatre identifi\u00e9s (nom, date, contenu, dangerosit\u00e9 \u00e9ventuelle du produit) et ne resteront que temporairement dans le labo;<\/li><li>Aucun mat\u00e9riel \u00e9tranger \u00e0 la salle ne doit rester sur les paillasses;<\/li><li>Ne pas utiliser un \u00e9quipement sans conna\u00eetre son fonctionnement et les r\u00e8gles de s\u00e9curit\u00e9 aff\u00e9rentes. Ne pas h\u00e9siter \u00e0 demander et consulter les manuels d&rsquo;instruction en cas de doute;<\/li><li>Ne pas entreprendre de manipulations dangereuses en dehors des heures normales de travail (notamment la nuit et les jours f\u00e9ri\u00e9s);<\/li><li>Avertir vos coll\u00e8gues de travail lors de la mise en route d\u2019une manipulation dangereuse;<\/li><li>Ne jamais laisser les fen\u00eatres ouvertes lorsque la salle est inoccup\u00e9e, en particulier le week-end et durant les vacances;<\/li><li>Veiller \u00e0 la fermeture de la salle en dehors des heures normales de travail;<\/li><\/ul>\n\n\n\n<p><strong>R\u00c8GLES PARTICULI\u00c8RES AU LABORATOIRE HP<\/strong><\/p>\n\n\n\n<p><strong>Manipulation des tubes sous pression<\/strong><\/p>\n\n\n\n<p>Les tubes sous pression sont lourds (environ 12 kg). Si leur manipulation est malais\u00e9e quand ils sont froids, elle est encore plus difficile quand ils sont en service (temp\u00e9rature comprise entre 85 et 100\u00b0C).<\/p>\n\n\n\n<p>Il faut toujours mettre des gants pour manipuler les tubes sous pression. Des paires de gants appropri\u00e9s sont disponibles en diff\u00e9rentes tailles. On ne prends pas les tubes sous pression par leur connectique (vanne ou T) m\u00eame si celle-ci offrent une prise confortable des tubes. Cela endommage les connections et peux poser probl\u00e8me en cas de rupture.<\/p>\n\n\n\n<p>M\u00eame si il n&rsquo;y a pas de danger particulier en cas de suppression manifeste dans les tubes de culture puisque le joint torique doit se rompre en premier et permettre la r\u00e9duction de la pression. Il faut toujours surveiller la remont\u00e9e en pression des tubes apr\u00e8s chargement qui est due \u00e0 la stabilisation de leur temp\u00e9rature, et prendre les mesures n\u00e9cessaires en cas de d\u00e9passement de pression.<\/p>\n\n\n\n<p>Apr\u00e8s utilisation les tubes doivent \u00eatre d\u00e9mont\u00e9s (y compris la bague anti-extrusion et le joint), rinc\u00e9s et s\u00e9ch\u00e9s. Les microorganismes produisent des produits suffisamment corrosifs pour attaquer l&rsquo;acier inoxydable qui constitue le corps des tubes.<\/p>\n\n\n\n<p><strong>RISQUES PARTICULIERS POUR LA SALLE 306<\/strong><\/p>\n\n\n\n<p><strong>Mat\u00e9riel Haute Pression :<\/strong><\/p>\n\n\n\n<p>Le mat\u00e9riel HP utilise un liquide comme milieu transmetteur de pression. Il est sans risque particulier pour l&rsquo;utilisateur.<\/p>\n\n\n\n","protected":false},"excerpt":{"rendered":"<p>Salle 306 &#8211; UCBL, campus Doua Responsables : J.-P. Perrillat, H. Cardon, I. Daniel Consignes g\u00e9n\u00e9rales Afin que chacun puisse travailler dans les meilleures conditions, un certain nombre de consignes de propret\u00e9 et de s\u00e9curit\u00e9 devront \u00eatre strictement respect\u00e9es : &hellip; <a href=\"https:\/\/codex.geologie-lyon.fr\/?page_id=450\">Continuer la lecture <span class=\"meta-nav\">&rarr;<\/span><\/a><\/p>\n","protected":false},"author":6,"featured_media":0,"parent":53,"menu_order":0,"comment_status":"closed","ping_status":"closed","template":"","meta":[],"categories":[8,1],"_links":{"self":[{"href":"https:\/\/codex.geologie-lyon.fr\/index.php?rest_route=\/wp\/v2\/pages\/450"}],"collection":[{"href":"https:\/\/codex.geologie-lyon.fr\/index.php?rest_route=\/wp\/v2\/pages"}],"about":[{"href":"https:\/\/codex.geologie-lyon.fr\/index.php?rest_route=\/wp\/v2\/types\/page"}],"author":[{"embeddable":true,"href":"https:\/\/codex.geologie-lyon.fr\/index.php?rest_route=\/wp\/v2\/users\/6"}],"replies":[{"embeddable":true,"href":"https:\/\/codex.geologie-lyon.fr\/index.php?rest_route=%2Fwp%2Fv2%2Fcomments&post=450"}],"version-history":[{"count":3,"href":"https:\/\/codex.geologie-lyon.fr\/index.php?rest_route=\/wp\/v2\/pages\/450\/revisions"}],"predecessor-version":[{"id":458,"href":"https:\/\/codex.geologie-lyon.fr\/index.php?rest_route=\/wp\/v2\/pages\/450\/revisions\/458"}],"up":[{"embeddable":true,"href":"https:\/\/codex.geologie-lyon.fr\/index.php?rest_route=\/wp\/v2\/pages\/53"}],"wp:attachment":[{"href":"https:\/\/codex.geologie-lyon.fr\/index.php?rest_route=%2Fwp%2Fv2%2Fmedia&parent=450"}],"wp:term":[{"taxonomy":"category","embeddable":true,"href":"https:\/\/codex.geologie-lyon.fr\/index.php?rest_route=%2Fwp%2Fv2%2Fcategories&post=450"}],"curies":[{"name":"wp","href":"https:\/\/api.w.org\/{rel}","templated":true}]}}