{"id":473,"date":"2020-10-12T10:05:30","date_gmt":"2020-10-12T09:05:30","guid":{"rendered":"http:\/\/codex.geologie-lyon.fr\/?page_id=473"},"modified":"2023-11-30T16:22:25","modified_gmt":"2023-11-30T15:22:25","slug":"sauveteurs-secouristes-du-travail","status":"publish","type":"page","link":"https:\/\/codex.geologie-lyon.fr\/?page_id=473","title":{"rendered":"Les Sauveteurs Secouristes du Travail"},"content":{"rendered":"\r\n<p>Les missions d\u2019un sauveteur secouriste du travail (S.S.T.) telles que d\u00e9finies dans le code du travail sont multiples :<br \/>&#8211; Examiner la victime,<br \/>&#8211; Donner l\u2019alerte,<br \/>Alerter les services de secours est capital : un bon message d\u2019alerte permet l\u2019envoi de moyens adapt\u00e9s \u00e0 la situation et l\u2019arriv\u00e9e rapide des secours.<br \/>&#8211; Prodiguer les premiers soins (placer en position lat\u00e9rale de s\u00e9curit\u00e9, comprimer une plaie qui saigne\u2026)<br \/>Il s\u2019agit de conna\u00eetre les gestes simples qui doivent \u00eatre effectu\u00e9s en attendant l\u2019arriv\u00e9e des secours (SAMU, Pompiers).<\/p>\r\n<p>La pr\u00e9sence de S.S.T. dans un laboratoire est donc indispensable.<\/p>\r\n<h2>Sur le site de la Doua &#8211; B\u00e2timent G\u00e9ode<\/h2>\r\n\r\n\r\n\r\n<ul>\r\n<li>Benjamin Mironneau (R3)<\/li>\r\n<li>Arnauld Vin\u00e7on-Laugier (R5)<\/li>\r\n<\/ul>\r\n<h2>Sur le site de l&rsquo;ENS de Lyon &#8211; Monod<\/h2>\r\n<ul>\r\n<li>Marie-Jeanne Barrier<\/li>\r\n<li>Cl\u00e9mentine Fellah<\/li>\r\n<li>Gilles Montagnac<\/li>\r\n<\/ul>\r\n<p>Dans tout laboratoire, un membre du personnel au moins pour 20 personnes devrait avoir re\u00e7u l&rsquo;instruction n\u00e9cessaire pour donner les premiers secours. Alors n\u2019h\u00e9sitez pas \u00e0 vous inscrire aux formations de sauveteurs secouristes du travail qui sont organis\u00e9es chaque ann\u00e9e. Contactez vos <a href=\"http:\/\/codex.geologie-lyon.fr\/?page_id=281\">assistants de pr\u00e9vention<\/a> ou le correspondant formation de l&rsquo;unit\u00e9.<\/p>\r\n","protected":false},"excerpt":{"rendered":"<p>Les missions d\u2019un sauveteur secouriste du travail (S.S.T.) telles que d\u00e9finies dans le code du travail sont multiples :&#8211; Examiner la victime,&#8211; Donner l\u2019alerte,Alerter les services de secours est capital : un bon message d\u2019alerte permet l\u2019envoi de moyens adapt\u00e9s &hellip; <a href=\"https:\/\/codex.geologie-lyon.fr\/?page_id=473\">Continuer la lecture <span class=\"meta-nav\">&rarr;<\/span><\/a><\/p>\n","protected":false},"author":6,"featured_media":0,"parent":0,"menu_order":0,"comment_status":"closed","ping_status":"closed","template":"","meta":[],"categories":[16,10],"_links":{"self":[{"href":"https:\/\/codex.geologie-lyon.fr\/index.php?rest_route=\/wp\/v2\/pages\/473"}],"collection":[{"href":"https:\/\/codex.geologie-lyon.fr\/index.php?rest_route=\/wp\/v2\/pages"}],"about":[{"href":"https:\/\/codex.geologie-lyon.fr\/index.php?rest_route=\/wp\/v2\/types\/page"}],"author":[{"embeddable":true,"href":"https:\/\/codex.geologie-lyon.fr\/index.php?rest_route=\/wp\/v2\/users\/6"}],"replies":[{"embeddable":true,"href":"https:\/\/codex.geologie-lyon.fr\/index.php?rest_route=%2Fwp%2Fv2%2Fcomments&post=473"}],"version-history":[{"count":7,"href":"https:\/\/codex.geologie-lyon.fr\/index.php?rest_route=\/wp\/v2\/pages\/473\/revisions"}],"predecessor-version":[{"id":538,"href":"https:\/\/codex.geologie-lyon.fr\/index.php?rest_route=\/wp\/v2\/pages\/473\/revisions\/538"}],"wp:attachment":[{"href":"https:\/\/codex.geologie-lyon.fr\/index.php?rest_route=%2Fwp%2Fv2%2Fmedia&parent=473"}],"wp:term":[{"taxonomy":"category","embeddable":true,"href":"https:\/\/codex.geologie-lyon.fr\/index.php?rest_route=%2Fwp%2Fv2%2Fcategories&post=473"}],"curies":[{"name":"wp","href":"https:\/\/api.w.org\/{rel}","templated":true}]}}