{"id":492,"date":"2021-09-30T17:54:11","date_gmt":"2021-09-30T16:54:11","guid":{"rendered":"http:\/\/codex.geologie-lyon.fr\/?page_id=492"},"modified":"2021-09-30T17:54:15","modified_gmt":"2021-09-30T16:54:15","slug":"service-social","status":"publish","type":"page","link":"https:\/\/codex.geologie-lyon.fr\/?page_id=492","title":{"rendered":"Service social"},"content":{"rendered":"\n<p style=\"text-align: center;\"><span style=\"font-size: large; font-family: arial black,avant garde; color: #2b7fc7;\">ENS de Lyon<\/span><\/p>\n<h1>Service social<\/h1>\n<dl>\n<dd>Ludivine F<span style=\"font-size: smaller;\">AYANT<\/span><br \/>\nT\u00e9l. 04 72 72 88 13<\/dd>\n<\/dl>\n<p><\/p>\n<p style=\"text-align: center;\"><span style=\"font-size: large; font-family: arial black,avant garde; color: #2b7fc7;\">Universit\u00e9 Lyon 1<br \/>\n<\/span><\/p>\n<h1>Service social<\/h1>\n<dl>\n<dd>Hafida M<span style=\"font-size: smaller;\">AKHLOUF<\/span><br \/>\nLaurence K<span style=\"font-size: smaller;\">ORICHI<\/span><br \/>\nT\u00e9l. 04 72 43 11 01<\/dd>\n<\/dl>\n<p><\/p>\n<p style=\"text-align: center;\"><span style=\"font-size: large; font-family: arial black,avant garde; color: #2b7fc7;\">Universit\u00e9 Jean Monnet<br \/>\n<\/span><\/p>\n<h1>Service social<\/h1>\n<dl>\n<dt><\/dt>\n<dd><\/dd>\n<\/dl>\n<p><\/p>\n<p style=\"text-align: center;\"><span style=\"font-size: large; font-family: arial black,avant garde; color: #2b7fc7;\">CNRS<br \/>\n<\/span><\/p>\n<h1>Service social<\/h1>\n<p>B\u00e2timent m\u00e9dico-social<\/p>\n<dl>\n<dd>Damien H<span style=\"font-size: smaller;\">ORVATH<\/span><br \/>\nT\u00e9l. 04 72 44 56 80<\/dd>\n<\/dl>\n<p>&nbsp;<\/p>\n<hr \/>\n<h1>CONSEILS ET INFORMATIONS<\/h1>\n<ul class=\"ul-addw2p ul-addw2p-thewidg\">\n<li id=\"category-posts-2\" class=\"addw2p cat-post-widget\">Conseils et informations<ul id=\"category-posts-2-internal\" class=\"category-posts-internal\">\n<li class='cat-post-item'><div><a class=\"cat-post-title\" href=\"https:\/\/codex.geologie-lyon.fr\/?p=465\" rel=\"bookmark\">COVID-19 Cadre sanitaire<\/a><\/div><\/li><li class='cat-post-item'><div><a class=\"cat-post-title\" href=\"https:\/\/codex.geologie-lyon.fr\/?p=358\" rel=\"bookmark\">Droit d&rsquo;alerte et de retrait face \u00e0 un danger grave et imminent<\/a><\/div><\/li><li class='cat-post-item'><div><a class=\"cat-post-title\" href=\"https:\/\/codex.geologie-lyon.fr\/?p=340\" rel=\"bookmark\">Manipulation des fluides cryog\u00e9niques<\/a><\/div><\/li><li class='cat-post-item'><div><a class=\"cat-post-title\" href=\"https:\/\/codex.geologie-lyon.fr\/?p=228\" rel=\"bookmark\">Travail hors heures ouvrables<\/a><\/div><\/li><li class='cat-post-item'><div><a class=\"cat-post-title\" href=\"https:\/\/codex.geologie-lyon.fr\/?p=201\" rel=\"bookmark\">Stockage, manutention et utilisation des bouteilles de gaz comprim\u00e9s<\/a><\/div><\/li><\/ul>\n<\/li><\/ul>\n\n","protected":false},"excerpt":{"rendered":"<p>CNRS Service social B\u00e2timent m\u00e9dico-social Damien HORVATH T\u00e9l. 04 72 44 56 80 &nbsp; CONSEILS ET INFORMATIONS<\/p>\n","protected":false},"author":6,"featured_media":0,"parent":0,"menu_order":0,"comment_status":"closed","ping_status":"closed","template":"","meta":[],"categories":[16,10],"_links":{"self":[{"href":"https:\/\/codex.geologie-lyon.fr\/index.php?rest_route=\/wp\/v2\/pages\/492"}],"collection":[{"href":"https:\/\/codex.geologie-lyon.fr\/index.php?rest_route=\/wp\/v2\/pages"}],"about":[{"href":"https:\/\/codex.geologie-lyon.fr\/index.php?rest_route=\/wp\/v2\/types\/page"}],"author":[{"embeddable":true,"href":"https:\/\/codex.geologie-lyon.fr\/index.php?rest_route=\/wp\/v2\/users\/6"}],"replies":[{"embeddable":true,"href":"https:\/\/codex.geologie-lyon.fr\/index.php?rest_route=%2Fwp%2Fv2%2Fcomments&post=492"}],"version-history":[{"count":1,"href":"https:\/\/codex.geologie-lyon.fr\/index.php?rest_route=\/wp\/v2\/pages\/492\/revisions"}],"predecessor-version":[{"id":493,"href":"https:\/\/codex.geologie-lyon.fr\/index.php?rest_route=\/wp\/v2\/pages\/492\/revisions\/493"}],"wp:attachment":[{"href":"https:\/\/codex.geologie-lyon.fr\/index.php?rest_route=%2Fwp%2Fv2%2Fmedia&parent=492"}],"wp:term":[{"taxonomy":"category","embeddable":true,"href":"https:\/\/codex.geologie-lyon.fr\/index.php?rest_route=%2Fwp%2Fv2%2Fcategories&post=492"}],"curies":[{"name":"wp","href":"https:\/\/api.w.org\/{rel}","templated":true}]}}