{"id":60,"date":"2012-03-06T13:55:18","date_gmt":"2012-03-06T12:55:18","guid":{"rendered":"http:\/\/codex.geologie-lyon.fr\/?page_id=60"},"modified":"2021-10-20T14:06:42","modified_gmt":"2021-10-20T13:06:42","slug":"ateliers","status":"publish","type":"page","link":"https:\/\/codex.geologie-lyon.fr\/?page_id=60","title":{"rendered":"Ateliers"},"content":{"rendered":"<p style=\"text-align: justify;\">Atelier de sciage (campus Monod)<\/p>\n<p style=\"text-align: justify;\">Atelier de sciage (campus de la Doua)<\/p>\n<p style=\"text-align: justify;\"><strong>Nul ne doit utiliser l\u2019un de ces appareils ou machines sans avoir au pr\u00e9alable obtenu l\u2019accord de la personne qui en est responsable.<\/strong><\/p>\n<p><!--more--><\/p>\n<h1 style=\"text-align: justify;\">FONCTIONNEMENT G\u00c9N\u00c9RAL<\/h1>\n<p style=\"text-align: justify;\"><strong>R\u00e8gles de travail g\u00e9n\u00e9rales<\/strong><\/p>\n<ul style=\"text-align: justify;\">\n<li>ces atelier sont des espaces communs de travail. Aucune personne ne doit s\u2019approprier un espace, un outil ou des mat\u00e9riaux de mani\u00e8re permanente;<\/li>\n<li>Chaque travail dans l\u2019Atelier, doit \u00eatre consign\u00e9 dans le cahier des travaux, dans lequel seront not\u00e9s :\n<ol>\n<li>le nom de la (des) personne(s) ayant effectu\u00e9 le travail,<\/li>\n<li>le nom du chercheur ou \u00e9tudiant \u00e0 qui le travail est destin\u00e9,<\/li>\n<li>les jours et heures pendant lesquels le travail est r\u00e9alis\u00e9,<\/li>\n<li>les outils utilis\u00e9s,<\/li>\n<li>les mat\u00e9riaux (nature et quantit\u00e9) utilis\u00e9,<\/li>\n<li>les probl\u00e8mes rencontr\u00e9s ou interventions effectu\u00e9es.<\/li>\n<\/ol>\n<\/li>\n<li>Tout utilisateur d\u2019un outil et du poste de travail qui lui est associ\u00e9, doit :\n<ol>\n<li>V\u00e9rifier avant son utilisation du bon \u00e9tat de l\u2019appareil (graissage, bon fonctionnement des accessoires de s\u00e9curit\u00e9, &#8230;),<\/li>\n<li>Rendre le poste de travail, l\u2019espace autour du poste de travail et l\u2019outil impeccables apr\u00e8s usage,<\/li>\n<li>Signaler une usure anormale ou les d\u00e9fauts apparus lors de sont utilisation,<\/li>\n<li>Remettre, si possible, l\u2019appareil en \u00e9tat de marche normale,<\/li>\n<li>Si le d\u00e9pannage imm\u00e9diat de l\u2019outil est impossible, signaler la panne : aupr\u00e8s du responsable de l\u2019Atelier et du prochain utilisateur, et sur l\u2019outil par une affiche pour pr\u00e9venir tout accident.<\/li>\n<\/ol>\n<\/li>\n<li>Aucun outil, mat\u00e9riaux ou pi\u00e8ces m\u00e9caniques doit servir \u00e0 des fins personnelles.<\/li>\n<li>Les outils d&rsquo;un atelier ne doivent pas sortir des locaux, sauf pour raison ponctuelle de montage.<\/li>\n<li>Aucune pi\u00e8ce m\u00e9canique, mat\u00e9riau ou outil personnel, \u00e0 savoir non professionnel, ne doit \u00eatre entrepos\u00e9 dans les locaux des ateliers.<\/li>\n<li>Le nettoyage des ateliers et l\u2019entretien des machines sont effectu\u00e9s au moins une fois par an, avec la participation de tous les utilisateurs.<\/li>\n<\/ul>\n<h1 style=\"text-align: justify;\">LES PRINCIPAUX RISQUES DANS LES ATELIERS<\/h1>\n<ol style=\"text-align: justify;\">\n<li><strong>les risques \u00e9lectriques<\/strong> :<br \/>\n<em>contact de la peau avec des \u00e9l\u00e9ments habituellement ou accidentellement sous tension;<\/em><\/li>\n<li><strong>les risques chimiques<\/strong> :<br \/>\n<em>inhalation de substances nocives contenues dans un mat\u00e9riau, lors de son usinage,<\/em><br \/>\n<em> contact de la peau avec des contaminants provenant du fluide de coupe de la machine-outil;<\/em><\/li>\n<li><strong>les risques thermiques<\/strong> :<br \/>\n<em>contact de la peau (ou des yeux), avec des copeaux, des outils ou des pi\u00e8ces \u00e0 haute temp\u00e9rature apr\u00e8s usinage;<\/em><\/li>\n<li><strong>les risques de nature ergonomique<\/strong> :\n<ul>\n<li><em>manutention d\u2019objets lourds ou de grande dimension,<\/em><\/li>\n<\/ul>\n<ul>\n<li><em> postures contraignantes,<\/em><\/li>\n<\/ul>\n<ul>\n<li><em> travail debout statique;<\/em><\/li>\n<\/ul>\n<\/li>\n<li><strong>les risques m\u00e9caniques<\/strong>.<br \/>\n<em>Ce sont :<\/em><\/p>\n<ul>\n<li><em>contact avec l\u2019outil ou la broche en rotation ;<\/em><\/li>\n<li><em>d\u00e9marrage accidentel de la machine pendant l\u2019entretien ou la r\u00e9paration ;<\/em><\/li>\n<li><em>acc\u00e8s aux zones dangereuses cr\u00e9\u00e9es par le mouvement de la table (pour la fraiseuse) ;<\/em><\/li>\n<li><em>contact avec les \u00e9l\u00e9ments des m\u00e9canismes de transmission des mouvements ;<\/em><\/li>\n<li><em>contact avec les ar\u00eates tranchantes de la pi\u00e8ce, des copeaux ou de l\u2019outil \u00e0 l\u2019arr\u00eat ;<\/em><\/li>\n<li><em>chute de mat\u00e9riel ou de la machine ;<\/em><\/li>\n<li><em>zone de s\u00e9curit\u00e9 insuffisante ou encombr\u00e9e (risque de chute) ;<\/em><\/li>\n<li><em>lubrifiant ou huile de coupe (risque de glissade) ;<\/em><\/li>\n<li><em>projection d\u2019\u00e9l\u00e9ments divers (cl\u00e9s, vis, fragments d\u2019outil, pi\u00e8ce, copeaux&#8230;) ;<\/em><\/li>\n<li><em>projection de la cl\u00e9 de mandrin du tour ;<\/em><\/li>\n<li><em>projection de la pi\u00e8ce ou de fragments en raison d\u2019une pi\u00e8ce mal fix\u00e9e ;<\/em><\/li>\n<\/ul>\n<\/li>\n<\/ol>\n<p style=\"text-align: justify;\">Il est clair que cette liste des risques n\u2019est pas exhaustive !<\/p>\n<h1 style=\"text-align: justify;\">PROTECTION DE L&rsquo;UTILISATEUR<\/h1>\n<ul style=\"text-align: justify;\">\n<li>Avant l\u2019usinage, retirer tous les bijoux, bague, bracelet, montre, etc. Mais aussi cravate, \u00e9charpe, foulard, tout textile ou objet susceptible de s\u2019enrouler autour d&rsquo;une pi\u00e8ce mobile d&rsquo;une machine.<\/li>\n<li>Les v\u00eatements de travail seront ajust\u00e9s et non flottants. Et on veillera \u00e0 ce qu&rsquo;ils soient bien ferm\u00e9s.<\/li>\n<li>Il est \u00e9galement conseill\u00e9 de s\u2019attacher les cheveux.<\/li>\n<li>Des lunettes de protection seront port\u00e9es chaque fois qu\u2019il y a risque de projection<\/li>\n<li>Pour pr\u00e9venir les risques de blessures par chute de pi\u00e8ce ou lors de la manutention d&rsquo;objets lourds : porter des chaussures de s\u00e9curit\u00e9.<\/li>\n<li>Si le niveau sonore des machines semble tr\u00e8s \u00e9lev\u00e9 (broyeuses, par exemple), il est conseill\u00e9 de porter un casque antibruit, au moins durant l\u2019op\u00e9ration d\u2019usinage<\/li>\n<li>Bien retirer la cl\u00e9 de mandrin apr\u00e8s le serrage de la pi\u00e8ce.<\/li>\n<li>Ne jamais se servir de ses mains en guise d\u2019\u00e9tau, bien fixer les pi\u00e8ces usin\u00e9es<\/li>\n<li>Proscrire les \u00ab bridages de fortune \u00bb.<\/li>\n<li>Il est vivement conseill\u00e9 de porter des gants de protection pour la manipulation des objets ac\u00e9r\u00e9s (copeaux m\u00e9talliques, outils de coupe&#8230;)<\/li>\n<li>Une blessure peut \u00eatre surinfect\u00e9e par le contact avec le fluide de coupe.<\/li>\n<li>Les op\u00e9rations de nettoyage se font toujours machine arr\u00eat\u00e9e<\/li>\n<li>Pour limiter les risques de blessures, de chute ou de glissade, il est n\u00e9cessaire de bien d\u00e9limiter la zone de travail et d\u2019absorber les fluides r\u00e9pandus sur le sol.<\/li>\n<\/ul>\n<p style=\"text-align: justify;\"><ul class=\"ul-addw2p ul-addw2p-Atelier\">\n<li id=\"linkcat-15\" class=\"addw2p widget_links\">Liens ateliers\n\t<ul class='xoxo blogroll'>\n<li><a href=\"http:\/\/www.inrs.fr\/accueil\/dms\/inrs\/CataloguePapier\/ED\/TI-ED-6122\/ed6122.pdf\" title=\"Pr\u00e9vention des risques m\u00e9caniques\" target=\"_blank\">INRS &#8211; S\u00e9curit\u00e9 des \u00e9quipements de travail<\/a><\/li>\n<li><a href=\"http:\/\/www.techniques-ingenieur.fr\/res\/pdf\/encyclopedia\/42158210-sl6110.pdf\" title=\"Dossier du portail \u00ab\u00a0techniques de l&rsquo;ing\u00e9nieur\u00a0\u00bb\" target=\"_blank\">Risques m\u00e9caniques dans les laboratoires<\/a><\/li>\n\n\t<\/ul>\n<\/li>\n<\/ul>\n<\/p>\n<p style=\"text-align: justify;\"><DIV class=\"entry-meta\">Voir tous les articles class\u00e9s dans <A HREF=\"https:\/\/codex.geologie-lyon.fr\/?cat=5\">Atelier<\/A><\/DIV><\/p>\n","protected":false},"excerpt":{"rendered":"<p>Atelier de sciage (campus Monod) Atelier de sciage (campus de la Doua) Nul ne doit utiliser l\u2019un de ces appareils ou machines sans avoir au pr\u00e9alable obtenu l\u2019accord de la personne qui en est responsable.<\/p>\n","protected":false},"author":3,"featured_media":0,"parent":0,"menu_order":0,"comment_status":"closed","ping_status":"closed","template":"","meta":[],"categories":[5],"_links":{"self":[{"href":"https:\/\/codex.geologie-lyon.fr\/index.php?rest_route=\/wp\/v2\/pages\/60"}],"collection":[{"href":"https:\/\/codex.geologie-lyon.fr\/index.php?rest_route=\/wp\/v2\/pages"}],"about":[{"href":"https:\/\/codex.geologie-lyon.fr\/index.php?rest_route=\/wp\/v2\/types\/page"}],"author":[{"embeddable":true,"href":"https:\/\/codex.geologie-lyon.fr\/index.php?rest_route=\/wp\/v2\/users\/3"}],"replies":[{"embeddable":true,"href":"https:\/\/codex.geologie-lyon.fr\/index.php?rest_route=%2Fwp%2Fv2%2Fcomments&post=60"}],"version-history":[{"count":23,"href":"https:\/\/codex.geologie-lyon.fr\/index.php?rest_route=\/wp\/v2\/pages\/60\/revisions"}],"predecessor-version":[{"id":497,"href":"https:\/\/codex.geologie-lyon.fr\/index.php?rest_route=\/wp\/v2\/pages\/60\/revisions\/497"}],"wp:attachment":[{"href":"https:\/\/codex.geologie-lyon.fr\/index.php?rest_route=%2Fwp%2Fv2%2Fmedia&parent=60"}],"wp:term":[{"taxonomy":"category","embeddable":true,"href":"https:\/\/codex.geologie-lyon.fr\/index.php?rest_route=%2Fwp%2Fv2%2Fcategories&post=60"}],"curies":[{"name":"wp","href":"https:\/\/api.w.org\/{rel}","templated":true}]}}