{"id":67,"date":"2012-03-06T13:58:45","date_gmt":"2012-03-06T12:58:45","guid":{"rendered":"http:\/\/codex.geologie-lyon.fr\/?page_id=67"},"modified":"2023-11-30T16:41:13","modified_gmt":"2023-11-30T15:41:13","slug":"icp-ms","status":"publish","type":"page","link":"https:\/\/codex.geologie-lyon.fr\/?page_id=67","title":{"rendered":"ICP-MS"},"content":{"rendered":"<h1>Salle M8 009<\/h1>\n<h1>Responsable : Philippe Telouk<\/h1>\n<p><strong>Poste 86 78<\/strong><br \/>\n<!--more--><\/p>\n<p align=\"center\"><strong>REGLES D\u2019UTILISATION DES SALLES DE SPECTROSCOPIE<\/strong><\/p>\n<h6 align=\"center\"><em>Ce document est sign\u00e9 par tout \u00e9tudiant ou stagiaire et son responsable utilisant <\/em><\/h6>\n<h6 align=\"center\"><em>les salles de g\u00e9ochimie du laboratoire<\/em><\/h6>\n<ul>\n<li>Salle Blanche<\/li>\n<li>Salle des spectros comprenant les deux salles de pr\u00e9parations d\u2019\u00e9chantillons<\/li>\n<li>Annexe g\u00e9ochimie<\/li>\n<\/ul>\n<p><strong>Travail hors des heures ouvrables<\/strong><\/p>\n<ul>\n<li>Comme le stipule la note OF\/MBP\/10146 dat\u00e9e du 18 octobre 2010 de la direction de l\u2019ENS les heures d\u2019ouverture administrative sont de 7h30 \u00e0 19h30 du lundi au vendredi. L\u2019Ecole fait en outre conna\u00eetre des jours de fermeture officielle, notamment pendant les p\u00e9riodes de vacances. En dehors de ces cr\u00e9neaux horaires (permettant de conduire l\u2019essentiel des exp\u00e9rimentations \u2026 ), votre pr\u00e9sence doit rester ponctuelle et dans la mesure du possible consacr\u00e9e \u00e0 des taches ne pr\u00e9sentant pas de risques (r\u00e9daction, calcul, recherches bibliographiques, rangement, fermeture de b\u00e9chers \u2026).<\/li>\n<\/ul>\n<p>Dans la mesure du possible \u00e9galement, faites vous accompagner ou assurez vous de la pr\u00e9sence d\u2019une autre personne dans le laboratoire.<\/p>\n<ul>\n<li><strong>Si vous travaillez en dehors de ces cr\u00e9neaux horaires,\u00a0 que vous soyez accompagn\u00e9 ou non, signalez obligatoirement votre pr\u00e9sence \u00e0 l\u2019accueil de l\u2019\u00e9cole <\/strong>(faites le 9 depuis un poste \u00e0 l\u2019\u00e9cole) \u00e0 votre arriv\u00e9e et \u00e0 votre d\u00e9part en pr\u00e9cisant votre lieu de travail.<\/li>\n<\/ul>\n<p><strong>Consignes de s\u00e9curit\u00e9 li\u00e9es \u00e0 l\u2019\u00e9lectricit\u00e9<\/strong><\/p>\n<ul>\n<li>Seules les personnes ayant une habilitation \u00e9lectrique sont autoris\u00e9es \u00e0 ouvrir les tableaux \u00e9lectrique. Il est \u00e9galement interdit d\u2019ouvrir les casiers \u00e9lectroniques des spectrom\u00e8tres sans habilitation \u00e9lectrique.<\/li>\n<\/ul>\n<ul>\n<li>Aucune d\u00e9connection des s\u00e9curit\u00e9s des instruments ne doit \u00eatre faite sans l\u2019accord du responsable des instruments.<\/li>\n<\/ul>\n<ul>\n<li>Les champs \u00e9lectromagn\u00e9tiques sont important dans la salle des instruments. La proximit\u00e9 des spectrom\u00e8tres est dangereuse pour les personnes qui portent des pacemakers.<\/li>\n<\/ul>\n<p><strong>Risques et consignes li\u00e9s \u00e0 l\u2019utilisation des instruments<\/strong><\/p>\n<ul>\n<li>Le port de lunettes de s\u00e9curit\u00e9 est obligatoire lors de l\u2019utilisation de solutions acides (solutions \u00e9chantillon et solutions de nettoyage) et de manipulations de la verrerie, des tuyaux et des raccords (n\u00e9buliseur, chambre de n\u00e9bulisation, tygon,\u00a0 \u2026 ). Il y a une paire de lunettes de s\u00e9curit\u00e9 sur chacun des bureaux des instruments.<\/li>\n<\/ul>\n<ul>\n<li>Porter \u00e9galement des gants lors de ces manipulations.<\/li>\n<\/ul>\n<ul>\n<li>Manipuler la verrerie avec pr\u00e9cautions pour \u00e9viter les risque de coupure.<\/li>\n<\/ul>\n<ul>\n<li>Il est interdit de regarder la plasma inductif sans port de lunettes ad\u00e9quates.<\/li>\n<\/ul>\n<ul>\n<li>Lors des changement des c\u00f4nes des ICP-MS, afin d\u2019\u00e9viter les risques de br\u00fblures, attendre au moins 5 min apr\u00e8s extinction du plasma avant de toucher \u00e0 l\u2019interface.<\/li>\n<\/ul>\n<p>Les consignes propres \u00e0 chaque salle de manip du laboratoire sont consultables sur le site\u00a0 <a href=\"http:\/\/codex.geologie-lyon.fr\/\">http:\/\/codex.geologie-lyon.fr\/<\/a>. Ce site peut \u00eatre atteint \u00e0 l\u2019aide de votre Smartphone en flashant le QR code situ\u00e9 sur les portes de chacune des salles de manip.<\/p>\n<ul class=\"ul-addw2p ul-addw2p-ICP\">\n<li id=\"text-3\" class=\"addw2p widget_text\">\t\t\t<div class=\"textwidget\">   <\/div>\n\t\t<\/li><\/ul>\n\n<DIV class=\"entry-meta\">Voir tous les articles class\u00e9s dans <A HREF=\"https:\/\/codex.geologie-lyon.fr\/?cat=6\">ICP-MS<\/A><\/DIV>\n","protected":false},"excerpt":{"rendered":"<p>Salle M8 009 Responsable : Philippe Telouk Poste 86 78<\/p>\n","protected":false},"author":5,"featured_media":0,"parent":0,"menu_order":0,"comment_status":"closed","ping_status":"open","template":"","meta":[],"categories":[6],"_links":{"self":[{"href":"https:\/\/codex.geologie-lyon.fr\/index.php?rest_route=\/wp\/v2\/pages\/67"}],"collection":[{"href":"https:\/\/codex.geologie-lyon.fr\/index.php?rest_route=\/wp\/v2\/pages"}],"about":[{"href":"https:\/\/codex.geologie-lyon.fr\/index.php?rest_route=\/wp\/v2\/types\/page"}],"author":[{"embeddable":true,"href":"https:\/\/codex.geologie-lyon.fr\/index.php?rest_route=\/wp\/v2\/users\/5"}],"replies":[{"embeddable":true,"href":"https:\/\/codex.geologie-lyon.fr\/index.php?rest_route=%2Fwp%2Fv2%2Fcomments&post=67"}],"version-history":[{"count":8,"href":"https:\/\/codex.geologie-lyon.fr\/index.php?rest_route=\/wp\/v2\/pages\/67\/revisions"}],"predecessor-version":[{"id":546,"href":"https:\/\/codex.geologie-lyon.fr\/index.php?rest_route=\/wp\/v2\/pages\/67\/revisions\/546"}],"wp:attachment":[{"href":"https:\/\/codex.geologie-lyon.fr\/index.php?rest_route=%2Fwp%2Fv2%2Fmedia&parent=67"}],"wp:term":[{"taxonomy":"category","embeddable":true,"href":"https:\/\/codex.geologie-lyon.fr\/index.php?rest_route=%2Fwp%2Fv2%2Fcategories&post=67"}],"curies":[{"name":"wp","href":"https:\/\/api.w.org\/{rel}","templated":true}]}}